{"id":163,"date":"2021-03-10T16:03:22","date_gmt":"2021-03-10T16:03:22","guid":{"rendered":"https:\/\/calimeter.ma\/?page_id=163"},"modified":"2023-05-23T09:15:40","modified_gmt":"2023-05-23T09:15:40","slug":"conditions-et-modalites-de-la-verification-des-cinemometre-radar-sur-site","status":"publish","type":"page","link":"https:\/\/calimeter.ma\/?page_id=163","title":{"rendered":"Conditions et modalit\u00e9s de la v\u00e9rification des cin\u00e9mom\u00e8tre radar sur site"},"content":{"rendered":"","protected":false},"excerpt":{"rendered":"","protected":false},"author":1,"featured_media":0,"parent":0,"menu_order":0,"comment_status":"closed","ping_status":"closed","template":"","meta":[],"_links":{"self":[{"href":"https:\/\/calimeter.ma\/index.php?rest_route=\/wp\/v2\/pages\/163"}],"collection":[{"href":"https:\/\/calimeter.ma\/index.php?rest_route=\/wp\/v2\/pages"}],"about":[{"href":"https:\/\/calimeter.ma\/index.php?rest_route=\/wp\/v2\/types\/page"}],"author":[{"embeddable":true,"href":"https:\/\/calimeter.ma\/index.php?rest_route=\/wp\/v2\/users\/1"}],"replies":[{"embeddable":true,"href":"https:\/\/calimeter.ma\/index.php?rest_route=%2Fwp%2Fv2%2Fcomments&post=163"}],"version-history":[{"count":2,"href":"https:\/\/calimeter.ma\/index.php?rest_route=\/wp\/v2\/pages\/163\/revisions"}],"predecessor-version":[{"id":354,"href":"https:\/\/calimeter.ma\/index.php?rest_route=\/wp\/v2\/pages\/163\/revisions\/354"}],"wp:attachment":[{"href":"https:\/\/calimeter.ma\/index.php?rest_route=%2Fwp%2Fv2%2Fmedia&parent=163"}],"curies":[{"name":"wp","href":"https:\/\/api.w.org\/{rel}","templated":true}]}}